{"id":232,"date":"2021-09-01T16:56:39","date_gmt":"2021-09-01T16:56:39","guid":{"rendered":"https:\/\/gesso.qodeinteractive.com\/?page_id=232"},"modified":"2025-09-11T22:58:08","modified_gmt":"2025-09-11T22:58:08","slug":"contacto","status":"publish","type":"page","link":"https:\/\/kunsthaus.com.mx\/en\/contacto\/","title":{"rendered":"Contact"},"content":{"rendered":"<div data-elementor-type=\"wp-page\" data-elementor-id=\"232\" class=\"elementor elementor-232\">\n\t\t\t\t\t\t<section class=\"elementor-section elementor-top-section elementor-element elementor-element-287a4ca elementor-section-full_width qodef-elementor-content-grid elementor-section-height-default elementor-section-height-default\" data-id=\"287a4ca\" data-element_type=\"section\">\n\t\t\t\t\t\t<div class=\"elementor-container elementor-column-gap-default\">\n\t\t\t\t\t<div class=\"elementor-column elementor-col-50 elementor-top-column elementor-element elementor-element-b8d9dc8\" data-id=\"b8d9dc8\" data-element_type=\"column\">\n\t\t\t<div class=\"elementor-widget-wrap elementor-element-populated\">\n\t\t\t\t\t\t<div class=\"elementor-element elementor-element-88710ca elementor-widget__width-initial elementor-widget elementor-widget-gesso_core_custom_font\" data-id=\"88710ca\" data-element_type=\"widget\" data-widget_type=\"gesso_core_custom_font.default\">\n\t\t\t\t<div class=\"elementor-widget-container\">\n\t\t\t\t\t<h2 class=\"qodef-shortcode qodef-m qodef-custom-font qodef-custom-font-267 qodef-layout--simple\" >Kunsthaus<\/h2>\n\t\t\t\t<\/div>\n\t\t\t\t<\/div>\n\t\t\t\t<div class=\"elementor-element elementor-element-4873026 elementor-widget elementor-widget-text-editor\" data-id=\"4873026\" data-element_type=\"widget\" data-widget_type=\"text-editor.default\">\n\t\t\t\t\t\t\t\t\t<div class=\"wp-block-group\"><div class=\"wp-block-group__inner-container is-layout-flow wp-block-group-is-layout-flow\"><div class=\"wp-block-group\"><div class=\"wp-block-group__inner-container is-layout-flow wp-block-group-is-layout-flow\"><div class=\"wp-block-group\"><div class=\"wp-block-group__inner-container is-layout-flow wp-block-group-is-layout-flow\"><div class=\"wp-block-group\"><div class=\"wp-block-group__inner-container is-layout-flow wp-block-group-is-layout-flow\"><p class=\"has-text-align-center\">Contact us, it will always be a pleasure to assist you.<br \/><strong>We ship worldwide.<\/strong><br \/><strong>GRAND OPENING OF THE GALLERY COMING SOON.<\/strong><\/p><\/div><\/div><\/div><\/div><div class=\"wp-block-spacer\" aria-hidden=\"true\">\u00a0<\/div><\/div><\/div><\/div><\/div><div class=\"wp-block-group\"><div class=\"wp-block-group__inner-container is-layout-flow wp-block-group-is-layout-flow\"><h4 class=\"wp-block-heading has-text-align-center\">Contact<\/h4><\/div><\/div><div class=\"wp-block-group\"><div class=\"wp-block-group__inner-container is-layout-flow wp-block-group-is-layout-flow\"><div class=\"wp-block-group\"><div class=\"wp-block-group__inner-container is-layout-flow wp-block-group-is-layout-flow\"><p><a href=\"https:\/\/www.google.com\/maps\/search\/98+Aspen+St.+Hartsville,+SC+29550\/@34.3696809,-80.1188754,13z\/data=!3m1!4b1\">Quer\u00e9taro Centro<br \/>Coming soon<\/a><\/p><div class=\"wp-block-group\"><div class=\"wp-block-group__inner-container is-layout-flow wp-block-group-is-layout-flow\"><p><a href=\"tel:+524423309829\">+52 442-330-9829<\/a><\/p><p><a href=\"mailto:info@kunsthaus.com\">info@Kunsthaus<\/a>.com<\/p><\/div><\/div><\/div><\/div><\/div><\/div>\t\t\t\t\t\t\t\t<\/div>\n\t\t\t\t\t<\/div>\n\t\t<\/div>\n\t\t\t\t<div class=\"elementor-column elementor-col-50 elementor-top-column elementor-element elementor-element-e76b053\" data-id=\"e76b053\" data-element_type=\"column\">\n\t\t\t<div class=\"elementor-widget-wrap elementor-element-populated\">\n\t\t\t\t\t\t<div class=\"elementor-element elementor-element-67166d2 elementor-widget elementor-widget-gesso_core_custom_font\" data-id=\"67166d2\" data-element_type=\"widget\" data-widget_type=\"gesso_core_custom_font.default\">\n\t\t\t\t<div class=\"elementor-widget-container\">\n\t\t\t\t\t<h2 class=\"qodef-shortcode qodef-m qodef-custom-font qodef-custom-font-787 qodef-layout--simple\" >Contact<\/h2>\n\t\t\t\t<\/div>\n\t\t\t\t<\/div>\n\t\t\t\t<div class=\"elementor-element elementor-element-0ac15c7 elementor-widget elementor-widget-wp-widget-gesso_core_contact_form_7\" data-id=\"0ac15c7\" data-element_type=\"widget\" data-widget_type=\"wp-widget-gesso_core_contact_form_7.default\">\n\t\t\t\t<div class=\"elementor-widget-container\">\n\t\t\t\t\t\t\t\t<div class=\"qodef-contact-form-7\">\n\t\t\t\t\n<div class=\"wpcf7 no-js\" id=\"wpcf7-f322-o1\" lang=\"en-US\" dir=\"ltr\" data-wpcf7-id=\"322\">\n<div class=\"screen-reader-response\"><p role=\"status\" aria-live=\"polite\" aria-atomic=\"true\"><\/p> <ul><\/ul><\/div>\n<form action=\"\/en\/wp-json\/wp\/v2\/pages\/232#wpcf7-f322-o1\" method=\"post\" class=\"wpcf7-form init\" aria-label=\"Contact form\" novalidate=\"novalidate\" data-status=\"init\" data-trp-original-action=\"\/en\/wp-json\/wp\/v2\/pages\/232#wpcf7-f322-o1\">\n<fieldset class=\"hidden-fields-container\"><input type=\"hidden\" name=\"_wpcf7\" value=\"322\" \/><input type=\"hidden\" name=\"_wpcf7_version\" value=\"6.1.5\" \/><input type=\"hidden\" name=\"_wpcf7_locale\" value=\"en_US\" \/><input type=\"hidden\" name=\"_wpcf7_unit_tag\" value=\"wpcf7-f322-o1\" \/><input type=\"hidden\" name=\"_wpcf7_container_post\" value=\"0\" \/><input type=\"hidden\" name=\"_wpcf7_posted_data_hash\" value=\"\" \/>\n<\/fieldset>\n<div class=\"contact-form\"><span class=\"wpcf7-form-control-wrap\" data-name=\"tu\"><textarea cols=\"40\" rows=\"3\" maxlength=\"2000\" class=\"wpcf7-form-control wpcf7-textarea\" aria-invalid=\"false\" placeholder=\"Mensaje...\" name=\"tu\"><\/textarea><\/span>\n<div class=\"field-wrapper\"><span class=\"wpcf7-form-control-wrap\" data-name=\"your-name\"><input size=\"40\" maxlength=\"400\" class=\"wpcf7-form-control wpcf7-text wpcf7-validates-as-required\" aria-required=\"true\" aria-invalid=\"false\" placeholder=\"Tu nombre...\" value=\"\" type=\"text\" name=\"your-name\" \/><\/span><span class=\"wpcf7-form-control-wrap\" data-name=\"your-email\"><input size=\"40\" maxlength=\"400\" class=\"wpcf7-form-control wpcf7-email wpcf7-validates-as-required wpcf7-text wpcf7-validates-as-email\" aria-required=\"true\" aria-invalid=\"false\" placeholder=\"Escr\u00edbe tu mail...\" value=\"\" type=\"email\" name=\"your-email\" \/><\/span><\/div><br><button class=\"wpcf7-form-control wpcf7-submit qodef-button qodef-size--large qodef-layout--outlined qodef-m\" type=\"submit\"><span class=\"qodef-m-text\">Env\u00edar<\/span><\/button><\/div><div class=\"wpcf7-response-output\" aria-hidden=\"true\"><\/div>\n<input type=\"hidden\" name=\"trp-form-language\" value=\"en\"\/><\/form>\n<\/div>\n\t\t\t<\/div>\n\t\t\t\t\t\t\t<\/div>\n\t\t\t\t<\/div>\n\t\t\t\t\t<\/div>\n\t\t<\/div>\n\t\t\t\t\t<\/div>\n\t\t<\/section>\n\t\t\t\t<\/div>","protected":false},"excerpt":{"rendered":"<p>Kunsthaus Cont\u00e1ctanos, siempre ser\u00e1 un gusto atenderte.Enviamos a todo el mundo.GRAN INAUGURACI\u00d3N DE LA GALER\u00cdA PR\u00d3XIMAMENTE. \u00a0 Contact Quer\u00e9taro CentroPr\u00f3ximamente +52 442-330-9829 info@Kunsthaus.com Contacto<\/p>","protected":false},"author":1,"featured_media":0,"parent":0,"menu_order":0,"comment_status":"closed","ping_status":"closed","template":"page-full-width.php","meta":{"footnotes":""},"class_list":["post-232","page","type-page","status-publish","hentry"],"yoast_head":"<!-- This site is optimized with the Yoast SEO plugin v27.5 - https:\/\/yoast.com\/product\/yoast-seo-wordpress\/ -->\n<title>Contacto - Kunsthaus<\/title>\n<meta name=\"robots\" content=\"index, follow, max-snippet:-1, max-image-preview:large, max-video-preview:-1\" \/>\n<link rel=\"canonical\" href=\"https:\/\/kunsthaus.com.mx\/en\/contacto\/\" \/>\n<meta property=\"og:locale\" content=\"en_US\" \/>\n<meta property=\"og:type\" content=\"article\" \/>\n<meta property=\"og:title\" content=\"Contacto - Kunsthaus\" \/>\n<meta property=\"og:description\" content=\"Kunsthaus Cont\u00e1ctanos, siempre ser\u00e1 un gusto atenderte.Enviamos a todo el mundo.GRAN INAUGURACI\u00d3N DE LA GALER\u00cdA PR\u00d3XIMAMENTE. \u00a0 Contact Quer\u00e9taro CentroPr\u00f3ximamente +52 442-330-9829 info@Kunsthaus.com Contacto\" \/>\n<meta property=\"og:url\" content=\"https:\/\/kunsthaus.com.mx\/en\/contacto\/\" \/>\n<meta property=\"og:site_name\" content=\"Kunsthaus\" \/>\n<meta property=\"article:modified_time\" content=\"2025-09-11T22:58:08+00:00\" \/>\n<meta name=\"twitter:card\" content=\"summary_large_image\" \/>\n<meta name=\"twitter:label1\" content=\"Est. reading time\" \/>\n\t<meta name=\"twitter:data1\" content=\"1 minute\" \/>\n<script type=\"application\/ld+json\" class=\"yoast-schema-graph\">{\"@context\":\"https:\\\/\\\/schema.org\",\"@graph\":[{\"@type\":\"WebPage\",\"@id\":\"https:\\\/\\\/kunsthaus.com.mx\\\/contacto\\\/\",\"url\":\"https:\\\/\\\/kunsthaus.com.mx\\\/contacto\\\/\",\"name\":\"Contacto - Kunsthaus\",\"isPartOf\":{\"@id\":\"https:\\\/\\\/kunsthaus.com.mx\\\/#website\"},\"datePublished\":\"2021-09-01T16:56:39+00:00\",\"dateModified\":\"2025-09-11T22:58:08+00:00\",\"breadcrumb\":{\"@id\":\"https:\\\/\\\/kunsthaus.com.mx\\\/contacto\\\/#breadcrumb\"},\"inLanguage\":\"en-US\",\"potentialAction\":[{\"@type\":\"ReadAction\",\"target\":[\"https:\\\/\\\/kunsthaus.com.mx\\\/contacto\\\/\"]}]},{\"@type\":\"BreadcrumbList\",\"@id\":\"https:\\\/\\\/kunsthaus.com.mx\\\/contacto\\\/#breadcrumb\",\"itemListElement\":[{\"@type\":\"ListItem\",\"position\":1,\"name\":\"Home\",\"item\":\"https:\\\/\\\/kunsthaus.com.mx\\\/\"},{\"@type\":\"ListItem\",\"position\":2,\"name\":\"Contacto\"}]},{\"@type\":\"WebSite\",\"@id\":\"https:\\\/\\\/kunsthaus.com.mx\\\/#website\",\"url\":\"https:\\\/\\\/kunsthaus.com.mx\\\/\",\"name\":\"Kunsthaus\",\"description\":\"\",\"publisher\":{\"@id\":\"https:\\\/\\\/kunsthaus.com.mx\\\/#organization\"},\"potentialAction\":[{\"@type\":\"SearchAction\",\"target\":{\"@type\":\"EntryPoint\",\"urlTemplate\":\"https:\\\/\\\/kunsthaus.com.mx\\\/?s={search_term_string}\"},\"query-input\":{\"@type\":\"PropertyValueSpecification\",\"valueRequired\":true,\"valueName\":\"search_term_string\"}}],\"inLanguage\":\"en-US\"},{\"@type\":\"Organization\",\"@id\":\"https:\\\/\\\/kunsthaus.com.mx\\\/#organization\",\"name\":\"Kunsthaus\",\"url\":\"https:\\\/\\\/kunsthaus.com.mx\\\/\",\"logo\":{\"@type\":\"ImageObject\",\"inLanguage\":\"en-US\",\"@id\":\"https:\\\/\\\/kunsthaus.com.mx\\\/#\\\/schema\\\/logo\\\/image\\\/\",\"url\":\"https:\\\/\\\/kunsthaus.com.mx\\\/wp-content\\\/uploads\\\/2025\\\/08\\\/cropped-Kunsthaus.png\",\"contentUrl\":\"https:\\\/\\\/kunsthaus.com.mx\\\/wp-content\\\/uploads\\\/2025\\\/08\\\/cropped-Kunsthaus.png\",\"width\":928,\"height\":240,\"caption\":\"Kunsthaus\"},\"image\":{\"@id\":\"https:\\\/\\\/kunsthaus.com.mx\\\/#\\\/schema\\\/logo\\\/image\\\/\"}}]}<\/script>\n<!-- \/ Yoast SEO plugin. -->","yoast_head_json":{"title":"Contacto - Kunsthaus","robots":{"index":"index","follow":"follow","max-snippet":"max-snippet:-1","max-image-preview":"max-image-preview:large","max-video-preview":"max-video-preview:-1"},"canonical":"https:\/\/kunsthaus.com.mx\/en\/contacto\/","og_locale":"en_US","og_type":"article","og_title":"Contacto - Kunsthaus","og_description":"Kunsthaus Cont\u00e1ctanos, siempre ser\u00e1 un gusto atenderte.Enviamos a todo el mundo.GRAN INAUGURACI\u00d3N DE LA GALER\u00cdA PR\u00d3XIMAMENTE. \u00a0 Contact Quer\u00e9taro CentroPr\u00f3ximamente +52 442-330-9829 info@Kunsthaus.com Contacto","og_url":"https:\/\/kunsthaus.com.mx\/en\/contacto\/","og_site_name":"Kunsthaus","article_modified_time":"2025-09-11T22:58:08+00:00","twitter_card":"summary_large_image","twitter_misc":{"Est. reading time":"1 minute"},"schema":{"@context":"https:\/\/schema.org","@graph":[{"@type":"WebPage","@id":"https:\/\/kunsthaus.com.mx\/contacto\/","url":"https:\/\/kunsthaus.com.mx\/contacto\/","name":"Contacto - Kunsthaus","isPartOf":{"@id":"https:\/\/kunsthaus.com.mx\/#website"},"datePublished":"2021-09-01T16:56:39+00:00","dateModified":"2025-09-11T22:58:08+00:00","breadcrumb":{"@id":"https:\/\/kunsthaus.com.mx\/contacto\/#breadcrumb"},"inLanguage":"en-US","potentialAction":[{"@type":"ReadAction","target":["https:\/\/kunsthaus.com.mx\/contacto\/"]}]},{"@type":"BreadcrumbList","@id":"https:\/\/kunsthaus.com.mx\/contacto\/#breadcrumb","itemListElement":[{"@type":"ListItem","position":1,"name":"Home","item":"https:\/\/kunsthaus.com.mx\/"},{"@type":"ListItem","position":2,"name":"Contacto"}]},{"@type":"WebSite","@id":"https:\/\/kunsthaus.com.mx\/#website","url":"https:\/\/kunsthaus.com.mx\/","name":"Kunsthaus","description":"","publisher":{"@id":"https:\/\/kunsthaus.com.mx\/#organization"},"potentialAction":[{"@type":"SearchAction","target":{"@type":"EntryPoint","urlTemplate":"https:\/\/kunsthaus.com.mx\/?s={search_term_string}"},"query-input":{"@type":"PropertyValueSpecification","valueRequired":true,"valueName":"search_term_string"}}],"inLanguage":"en-US"},{"@type":"Organization","@id":"https:\/\/kunsthaus.com.mx\/#organization","name":"Kunsthaus","url":"https:\/\/kunsthaus.com.mx\/","logo":{"@type":"ImageObject","inLanguage":"en-US","@id":"https:\/\/kunsthaus.com.mx\/#\/schema\/logo\/image\/","url":"https:\/\/kunsthaus.com.mx\/wp-content\/uploads\/2025\/08\/cropped-Kunsthaus.png","contentUrl":"https:\/\/kunsthaus.com.mx\/wp-content\/uploads\/2025\/08\/cropped-Kunsthaus.png","width":928,"height":240,"caption":"Kunsthaus"},"image":{"@id":"https:\/\/kunsthaus.com.mx\/#\/schema\/logo\/image\/"}}]}},"_links":{"self":[{"href":"https:\/\/kunsthaus.com.mx\/en\/wp-json\/wp\/v2\/pages\/232","targetHints":{"allow":["GET"]}}],"collection":[{"href":"https:\/\/kunsthaus.com.mx\/en\/wp-json\/wp\/v2\/pages"}],"about":[{"href":"https:\/\/kunsthaus.com.mx\/en\/wp-json\/wp\/v2\/types\/page"}],"author":[{"embeddable":true,"href":"https:\/\/kunsthaus.com.mx\/en\/wp-json\/wp\/v2\/users\/1"}],"replies":[{"embeddable":true,"href":"https:\/\/kunsthaus.com.mx\/en\/wp-json\/wp\/v2\/comments?post=232"}],"version-history":[{"count":10,"href":"https:\/\/kunsthaus.com.mx\/en\/wp-json\/wp\/v2\/pages\/232\/revisions"}],"predecessor-version":[{"id":6206,"href":"https:\/\/kunsthaus.com.mx\/en\/wp-json\/wp\/v2\/pages\/232\/revisions\/6206"}],"wp:attachment":[{"href":"https:\/\/kunsthaus.com.mx\/en\/wp-json\/wp\/v2\/media?parent=232"}],"curies":[{"name":"wp","href":"https:\/\/api.w.org\/{rel}","templated":true}]}}